{"id":3998,"date":"2015-03-06T10:22:08","date_gmt":"2015-03-06T09:22:08","guid":{"rendered":"http:\/\/astonseals.it\/?page_id=3998"},"modified":"2015-07-31T11:50:48","modified_gmt":"2015-07-31T09:50:48","slug":"tolerance-chart-iso","status":"publish","type":"page","link":"https:\/\/astonseals.com\/en\/support\/tolerance-chart-iso\/","title":{"rendered":"Tolerance chart ISO"},"content":{"rendered":"<table class=\"innovando-table\">\n<tbody>\n<tr style=\"background-color: #c0c0c0;\">\n<td rowspan=\"2\"><b>\u2205 <i>[mm]<\/i><\/b><\/td>\n<td colspan=\"8\"><b>Shafts <i>[\u00b5m]<\/i><\/b><\/td>\n<td colspan=\"8\"><b>Bores <i>[\u00b5m]<\/i><\/b><\/td>\n<\/tr>\n<tr style=\"background-color: #c0c0c0;\">\n<td colspan=\"2\"><b>f7<\/b><\/td>\n<td colspan=\"2\"><b>f8<\/b><\/td>\n<td colspan=\"2\"><b>h8<\/b><\/td>\n<td colspan=\"2\"><b>h9<\/b><\/td>\n<td colspan=\"2\"><b>H8<\/b><\/td>\n<td colspan=\"2\"><b>H9<\/b><\/td>\n<td colspan=\"2\"><b>H10<\/b><\/td>\n<td colspan=\"2\"><b>H11<\/b><\/td>\n<\/tr>\n<tr>\n<td width=\"12%\"><b>1\u00f73<\/b><\/td>\n<td width=\"5.5%\">-6<\/td>\n<td width=\"5.5%\">-16<\/td>\n<td width=\"5.5%\">-6<\/td>\n<td width=\"5.5%\">-20<\/td>\n<td width=\"5.5%\">0<\/td>\n<td width=\"5.5%\">-14<\/td>\n<td width=\"5.5%\">0<\/td>\n<td width=\"5.5%\">-25<\/td>\n<td width=\"5.5%\">+14<\/td>\n<td width=\"5.5%\">0<\/td>\n<td width=\"5.5%\">+25<\/td>\n<td width=\"5.5%\">0<\/td>\n<td width=\"5.5%\">+40<\/td>\n<td width=\"5.5%\">0<\/td>\n<td width=\"5.5%\">+60<\/td>\n<td width=\"5.5%\">0<\/td>\n<\/tr>\n<tr style=\"background-color: #f7f7f7;\">\n<td><b>&gt;3\u00f76<\/b><\/td>\n<td>-10<\/td>\n<td>-22<\/td>\n<td>-10<\/td>\n<td>-28<\/td>\n<td>0<\/td>\n<td>-18<\/td>\n<td>0<\/td>\n<td>-30<\/td>\n<td>+18<\/td>\n<td>0<\/td>\n<td>+30<\/td>\n<td>0<\/td>\n<td>+48<\/td>\n<td>0<\/td>\n<td>+75<\/td>\n<td>0<\/td>\n<\/tr>\n<tr>\n<td width=\"12%\"><b>&gt;6\u00f710<\/b><\/td>\n<td width=\"5.5%\">-13<\/td>\n<td width=\"5.5%\">-28<\/td>\n<td width=\"5.5%\">-13<\/td>\n<td width=\"5.5%\">-35<\/td>\n<td width=\"5.5%\">0<\/td>\n<td width=\"5.5%\">-22<\/td>\n<td width=\"5.5%\">0<\/td>\n<td width=\"5.5%\">-36<\/td>\n<td width=\"5.5%\">+22<\/td>\n<td width=\"5.5%\">0<\/td>\n<td width=\"5.5%\">+36<\/td>\n<td width=\"5.5%\">0<\/td>\n<td width=\"5.5%\">+58<\/td>\n<td width=\"5.5%\">0<\/td>\n<td width=\"5.5%\">+90<\/td>\n<td width=\"5.5%\">0<\/td>\n<\/tr>\n<tr style=\"background-color: #f7f7f7;\">\n<td><b>&gt;10\u00f718<\/b><\/td>\n<td>-16<\/td>\n<td>-34<\/td>\n<td>-16<\/td>\n<td>-43<\/td>\n<td>0<\/td>\n<td>-27<\/td>\n<td>0<\/td>\n<td>-43<\/td>\n<td>+27<\/td>\n<td>0<\/td>\n<td>+43<\/td>\n<td>0<\/td>\n<td>+70<\/td>\n<td>0<\/td>\n<td>+110<\/td>\n<td>0<\/td>\n<\/tr>\n<tr>\n<td width=\"12%\"><b>&gt;18\u00f730<\/b><\/td>\n<td width=\"5.5%\">-20<\/td>\n<td width=\"5.5%\">-41<\/td>\n<td width=\"5.5%\">-20<\/td>\n<td width=\"5.5%\">-53<\/td>\n<td width=\"5.5%\">0<\/td>\n<td width=\"5.5%\">-33<\/td>\n<td width=\"5.5%\">0<\/td>\n<td width=\"5.5%\">-52<\/td>\n<td width=\"5.5%\">+33<\/td>\n<td width=\"5.5%\">0<\/td>\n<td width=\"5.5%\">+52<\/td>\n<td width=\"5.5%\">0<\/td>\n<td width=\"5.5%\">+84<\/td>\n<td width=\"5.5%\">0<\/td>\n<td width=\"5.5%\">+130<\/td>\n<td width=\"5.5%\">0<\/td>\n<\/tr>\n<tr style=\"background-color: #f7f7f7;\">\n<td><b>&gt;30\u00f750<\/b><\/td>\n<td>-25<\/td>\n<td>-50<\/td>\n<td>-25<\/td>\n<td>-64<\/td>\n<td>0<\/td>\n<td>-39<\/td>\n<td>0<\/td>\n<td>-62<\/td>\n<td>+39<\/td>\n<td>0<\/td>\n<td>+62<\/td>\n<td>0<\/td>\n<td>+100<\/td>\n<td>0<\/td>\n<td>+160<\/td>\n<td>0<\/td>\n<\/tr>\n<tr>\n<td width=\"12%\"><b>&gt;50\u00f765<\/b><\/td>\n<td width=\"5.5%\">-30<\/td>\n<td width=\"5.5%\">-60<\/td>\n<td width=\"5.5%\">-30<\/td>\n<td width=\"5.5%\">-76<\/td>\n<td width=\"5.5%\">0<\/td>\n<td width=\"5.5%\">-46<\/td>\n<td width=\"5.5%\">0<\/td>\n<td width=\"5.5%\">-74<\/td>\n<td width=\"5.5%\">+46<\/td>\n<td width=\"5.5%\">0<\/td>\n<td width=\"5.5%\">+74<\/td>\n<td width=\"5.5%\">0<\/td>\n<td width=\"5.5%\">+120<\/td>\n<td width=\"5.5%\">0<\/td>\n<td width=\"5.5%\">+190<\/td>\n<td width=\"5.5%\">0<\/td>\n<\/tr>\n<tr style=\"background-color: #f7f7f7;\">\n<td><b>&gt;65\u00f780<\/b><\/td>\n<td>-30<\/td>\n<td>-60<\/td>\n<td>-30<\/td>\n<td>-76<\/td>\n<td>0<\/td>\n<td>-46<\/td>\n<td>0<\/td>\n<td>-74<\/td>\n<td>+46<\/td>\n<td>0<\/td>\n<td>+74<\/td>\n<td>0<\/td>\n<td>+120<\/td>\n<td>0<\/td>\n<td>+190<\/td>\n<td>0<\/td>\n<\/tr>\n<tr>\n<td width=\"12%\"><b>&gt;80\u00f7100<\/b><\/td>\n<td width=\"5.5%\">-36<\/td>\n<td width=\"5.5%\">-71<\/td>\n<td width=\"5.5%\">-36<\/td>\n<td width=\"5.5%\">-90<\/td>\n<td width=\"5.5%\">0<\/td>\n<td width=\"5.5%\">-54<\/td>\n<td width=\"5.5%\">0<\/td>\n<td width=\"5.5%\">-87<\/td>\n<td width=\"5.5%\">+54<\/td>\n<td width=\"5.5%\">0<\/td>\n<td width=\"5.5%\">+87<\/td>\n<td width=\"5.5%\">0<\/td>\n<td width=\"5.5%\">+140<\/td>\n<td width=\"5.5%\">0<\/td>\n<td width=\"5.5%\">+220<\/td>\n<td width=\"5.5%\">0<\/td>\n<\/tr>\n<tr style=\"background-color: #f7f7f7;\">\n<td><b>&gt;100\u00f7120<\/b><\/td>\n<td>-36<\/td>\n<td>-71<\/td>\n<td>-36<\/td>\n<td>-90<\/td>\n<td>0<\/td>\n<td>-54<\/td>\n<td>0<\/td>\n<td>-87<\/td>\n<td>+54<\/td>\n<td>0<\/td>\n<td>+87<\/td>\n<td>0<\/td>\n<td>+140<\/td>\n<td>0<\/td>\n<td>+220<\/td>\n<td>0<\/td>\n<\/tr>\n<tr>\n<td width=\"12%\"><b>&gt;120\u00f7140<\/b><\/td>\n<td width=\"5.5%\">-43<\/td>\n<td width=\"5.5%\">-83<\/td>\n<td width=\"5.5%\">-43<\/td>\n<td width=\"5.5%\">-106<\/td>\n<td width=\"5.5%\">0<\/td>\n<td width=\"5.5%\">-63<\/td>\n<td width=\"5.5%\">0<\/td>\n<td width=\"5.5%\">-100<\/td>\n<td width=\"5.5%\">+63<\/td>\n<td width=\"5.5%\">0<\/td>\n<td width=\"5.5%\">+100<\/td>\n<td width=\"5.5%\">0<\/td>\n<td width=\"5.5%\">+160<\/td>\n<td width=\"5.5%\">0<\/td>\n<td width=\"5.5%\">+250<\/td>\n<td width=\"5.5%\">0<\/td>\n<\/tr>\n<tr style=\"background-color: #f7f7f7;\">\n<td><b>&gt;140\u00f7160<\/b><\/td>\n<td>-43<\/td>\n<td>-83<\/td>\n<td>-43<\/td>\n<td>-106<\/td>\n<td>0<\/td>\n<td>-63<\/td>\n<td>0<\/td>\n<td>-100<\/td>\n<td>+63<\/td>\n<td>0<\/td>\n<td>+100<\/td>\n<td>0<\/td>\n<td>+160<\/td>\n<td>0<\/td>\n<td>+250<\/td>\n<td>0<\/td>\n<\/tr>\n<tr>\n<td width=\"12%\"><b>&gt;160\u00f7180<\/b><\/td>\n<td width=\"5.5%\">-43<\/td>\n<td width=\"5.5%\">-83<\/td>\n<td width=\"5.5%\">-43<\/td>\n<td width=\"5.5%\">-106<\/td>\n<td width=\"5.5%\">0<\/td>\n<td width=\"5.5%\">-63<\/td>\n<td width=\"5.5%\">0<\/td>\n<td width=\"5.5%\">-100<\/td>\n<td width=\"5.5%\">+63<\/td>\n<td width=\"5.5%\">0<\/td>\n<td width=\"5.5%\">+100<\/td>\n<td width=\"5.5%\">0<\/td>\n<td width=\"5.5%\">+160<\/td>\n<td width=\"5.5%\">0<\/td>\n<td width=\"5.5%\">+250<\/td>\n<td width=\"5.5%\">0<\/td>\n<\/tr>\n<tr style=\"background-color: #f7f7f7;\">\n<td><b>&gt;180\u00f7200<\/b><\/td>\n<td>-50<\/td>\n<td>-96<\/td>\n<td>-50<\/td>\n<td>-122<\/td>\n<td>0<\/td>\n<td>-72<\/td>\n<td>0<\/td>\n<td>-115<\/td>\n<td>+72<\/td>\n<td>0<\/td>\n<td>+115<\/td>\n<td>0<\/td>\n<td>+185<\/td>\n<td>0<\/td>\n<td>+290<\/td>\n<td>0<\/td>\n<\/tr>\n<tr>\n<td width=\"12%\"><b>&gt;200\u00f7225<\/b><\/td>\n<td width=\"5.5%\">-50<\/td>\n<td width=\"5.5%\">-96<\/td>\n<td width=\"5.5%\">-50<\/td>\n<td width=\"5.5%\">-122<\/td>\n<td width=\"5.5%\">0<\/td>\n<td width=\"5.5%\">-72<\/td>\n<td width=\"5.5%\">0<\/td>\n<td width=\"5.5%\">-115<\/td>\n<td width=\"5.5%\">+72<\/td>\n<td width=\"5.5%\">0<\/td>\n<td width=\"5.5%\">+115<\/td>\n<td width=\"5.5%\">0<\/td>\n<td width=\"5.5%\">+185<\/td>\n<td width=\"5.5%\">0<\/td>\n<td width=\"5.5%\">+290<\/td>\n<td width=\"5.5%\">0<\/td>\n<\/tr>\n<tr style=\"background-color: #f7f7f7;\">\n<td><b>&gt;225\u00f7250<\/b><\/td>\n<td>-50<\/td>\n<td>-96<\/td>\n<td>-50<\/td>\n<td>-122<\/td>\n<td>0<\/td>\n<td>-72<\/td>\n<td>0<\/td>\n<td>-115<\/td>\n<td>+72<\/td>\n<td>0<\/td>\n<td>+115<\/td>\n<td>0<\/td>\n<td>+185<\/td>\n<td>0<\/td>\n<td>+290<\/td>\n<td>0<\/td>\n<\/tr>\n<tr>\n<td width=\"12%\"><b>&gt;250\u00f7280<\/b><\/td>\n<td width=\"5.5%\">-56<\/td>\n<td width=\"5.5%\">-108<\/td>\n<td width=\"5.5%\">-56<\/td>\n<td width=\"5.5%\">-137<\/td>\n<td width=\"5.5%\">0<\/td>\n<td width=\"5.5%\">-81<\/td>\n<td width=\"5.5%\">0<\/td>\n<td width=\"5.5%\">-130<\/td>\n<td width=\"5.5%\">+81<\/td>\n<td width=\"5.5%\">0<\/td>\n<td width=\"5.5%\">+130<\/td>\n<td width=\"5.5%\">0<\/td>\n<td width=\"5.5%\">+210<\/td>\n<td width=\"5.5%\">0<\/td>\n<td width=\"5.5%\">+320<\/td>\n<td width=\"5.5%\">0<\/td>\n<\/tr>\n<tr style=\"background-color: #f7f7f7;\">\n<td><b>&gt;280\u00f7315<\/b><\/td>\n<td>-56<\/td>\n<td>-108<\/td>\n<td>-56<\/td>\n<td>-137<\/td>\n<td>0<\/td>\n<td>-81<\/td>\n<td>0<\/td>\n<td>-130<\/td>\n<td>+81<\/td>\n<td>0<\/td>\n<td>+130<\/td>\n<td>0<\/td>\n<td>+210<\/td>\n<td>0<\/td>\n<td>+320<\/td>\n<td>0<\/td>\n<\/tr>\n<tr>\n<td width=\"12%\"><b>&gt;315\u00f7355<\/b><\/td>\n<td width=\"5.5%\">-62<\/td>\n<td width=\"5.5%\">-119<\/td>\n<td width=\"5.5%\">-62<\/td>\n<td width=\"5.5%\">-151<\/td>\n<td width=\"5.5%\">0<\/td>\n<td width=\"5.5%\">-89<\/td>\n<td width=\"5.5%\">0<\/td>\n<td width=\"5.5%\">-140<\/td>\n<td width=\"5.5%\">+89<\/td>\n<td width=\"5.5%\">0<\/td>\n<td width=\"5.5%\">+140<\/td>\n<td width=\"5.5%\">0<\/td>\n<td width=\"5.5%\">+230<\/td>\n<td width=\"5.5%\">0<\/td>\n<td width=\"5.5%\">+360<\/td>\n<td width=\"5.5%\">0<\/td>\n<\/tr>\n<tr style=\"background-color: #f7f7f7;\">\n<td><b>&gt;355\u00f7400<\/b><\/td>\n<td>-62<\/td>\n<td>-119<\/td>\n<td>-62<\/td>\n<td>-151<\/td>\n<td>0<\/td>\n<td>-89<\/td>\n<td>0<\/td>\n<td>-140<\/td>\n<td>+89<\/td>\n<td>0<\/td>\n<td>+140<\/td>\n<td>0<\/td>\n<td>+230<\/td>\n<td>0<\/td>\n<td>+360<\/td>\n<td>0<\/td>\n<\/tr>\n<tr>\n<td width=\"12%\"><b>&gt;400\u00f7450<\/b><\/td>\n<td width=\"5.5%\">-68<\/td>\n<td width=\"5.5%\">-131<\/td>\n<td width=\"5.5%\">-68<\/td>\n<td width=\"5.5%\">-165<\/td>\n<td width=\"5.5%\">0<\/td>\n<td width=\"5.5%\">-97<\/td>\n<td width=\"5.5%\">0<\/td>\n<td width=\"5.5%\">-155<\/td>\n<td width=\"5.5%\">+97<\/td>\n<td width=\"5.5%\">0<\/td>\n<td width=\"5.5%\">+155<\/td>\n<td width=\"5.5%\">0<\/td>\n<td width=\"5.5%\">+250<\/td>\n<td width=\"5.5%\">0<\/td>\n<td width=\"5.5%\">+400<\/td>\n<td width=\"5.5%\">0<\/td>\n<\/tr>\n<tr style=\"background-color: #f7f7f7;\">\n<td><b>&gt;450\u00f7500<\/b><\/td>\n<td>-68<\/td>\n<td>-131<\/td>\n<td>-68<\/td>\n<td>-165<\/td>\n<td>0<\/td>\n<td>-97<\/td>\n<td>0<\/td>\n<td>-155<\/td>\n<td>+97<\/td>\n<td>0<\/td>\n<td>+155<\/td>\n<td>0<\/td>\n<td>+250<\/td>\n<td>0<\/td>\n<td>+400<\/td>\n<td>0<\/td>\n<\/tr>\n<\/tbody>\n<\/table>\n","protected":false},"excerpt":{"rendered":"<p>\u2205 [mm] Shafts [\u00b5m] Bores [\u00b5m] f7 f8 h8 h9 H8 H9 H10 H11 1\u00f73 -6 -16 -6 -20 0 -14 0 -25 +14 0 +25 0 +40 0 +60 0 &gt;3\u00f76 -10 -22 -10 -28 0 -18 0 -30 +18 0 +30 0 +48 0 +75 0 &gt;6\u00f710 -13 -28 -13 -35 0 -22&hellip;<\/p>\n","protected":false},"author":4,"featured_media":0,"parent":3798,"menu_order":46,"comment_status":"closed","ping_status":"open","template":"","meta":[],"_links":{"self":[{"href":"https:\/\/astonseals.com\/en\/wp-json\/wp\/v2\/pages\/3998"}],"collection":[{"href":"https:\/\/astonseals.com\/en\/wp-json\/wp\/v2\/pages"}],"about":[{"href":"https:\/\/astonseals.com\/en\/wp-json\/wp\/v2\/types\/page"}],"author":[{"embeddable":true,"href":"https:\/\/astonseals.com\/en\/wp-json\/wp\/v2\/users\/4"}],"replies":[{"embeddable":true,"href":"https:\/\/astonseals.com\/en\/wp-json\/wp\/v2\/comments?post=3998"}],"version-history":[{"count":2,"href":"https:\/\/astonseals.com\/en\/wp-json\/wp\/v2\/pages\/3998\/revisions"}],"predecessor-version":[{"id":5125,"href":"https:\/\/astonseals.com\/en\/wp-json\/wp\/v2\/pages\/3998\/revisions\/5125"}],"up":[{"embeddable":true,"href":"https:\/\/astonseals.com\/en\/wp-json\/wp\/v2\/pages\/3798"}],"wp:attachment":[{"href":"https:\/\/astonseals.com\/en\/wp-json\/wp\/v2\/media?parent=3998"}],"curies":[{"name":"wp","href":"https:\/\/api.w.org\/{rel}","templated":true}]}}